{"id":103,"date":"2025-02-16T11:34:04","date_gmt":"2025-02-16T11:34:04","guid":{"rendered":"https:\/\/kst-klinik.dk\/?page_id=103"},"modified":"2026-01-09T14:41:36","modified_gmt":"2026-01-09T14:41:36","slug":"forside-2-2-2","status":"publish","type":"page","link":"https:\/\/kst-klinik.dk\/index.php\/forside-2-2-2\/","title":{"rendered":"Kontakt"},"content":{"rendered":"<p>Behandlinger kan p.t. ikke bookes online, s\u00e5 kontakt mig p\u00e5 mail, telefon eller sms, s\u00e5 finder vi en tid.<br \/>\nHvis jeg ikke kan tage telefonen vender jeg tilbage s\u00e5 hurtigt som muligt.<\/p>\n<p><strong>Adresse\u00a0<\/strong><br \/>\nVamdrupvej 26, 2610 R\u00f8dovre<br \/>\nKlinikken er i k\u00e6lderen, indgang er p\u00e5 bagsiden af huset.<\/p>\n<p><strong>Mobil<\/strong><br \/>\n4141 6084<\/p>\n<p><strong>Mail<\/strong><br \/>\nheidi@kst-klinik.dk<\/p>\n<h4><\/h4>\n<p><iframe title=\"Rundet\u00e5rn, K\u00f8benhavn, Danmark\" src=\"https:\/\/maps.google.com\/maps?q=Rundet%C3%A5rn%2C%20K%C3%B8benhavn%2C%20Danmark&amp;t=m&amp;z=10&amp;output=embed&amp;iwloc=near\" aria-label=\"Rundet\u00e5rn, K\u00f8benhavn, Danmark\"><\/iframe><\/p>\n","protected":false},"excerpt":{"rendered":"<p>Behandlinger kan p.t. ikke bookes online, s\u00e5 kontakt mig p\u00e5 mail, telefon eller sms, s\u00e5 finder vi en tid. Hvis jeg ikke kan tage telefonen vender jeg tilbage s\u00e5 hurtigt som muligt. Adresse\u00a0 Vamdrupvej 26, 2610 R\u00f8dovre Klinikken er i k\u00e6lderen, indgang er p\u00e5 bagsiden af huset. Mobil 4141 6084 Mail heidi@kst-klinik.dk<\/p>\n","protected":false},"author":1,"featured_media":0,"parent":0,"menu_order":0,"comment_status":"closed","ping_status":"closed","template":"","meta":{"footnotes":""},"class_list":["post-103","page","type-page","status-publish","hentry"],"yoast_head":"<!-- This site is optimized with the Yoast SEO plugin v24.3 - https:\/\/yoast.com\/wordpress\/plugins\/seo\/ -->\n<title>Kontakt - KST-klinik.dk<\/title>\n<meta name=\"robots\" content=\"index, follow, max-snippet:-1, max-image-preview:large, max-video-preview:-1\" \/>\n<link rel=\"canonical\" href=\"https:\/\/kst-klinik.dk\/index.php\/forside-2-2-2\/\" \/>\n<meta property=\"og:locale\" content=\"da_DK\" \/>\n<meta property=\"og:type\" content=\"article\" \/>\n<meta property=\"og:title\" content=\"Kontakt - KST-klinik.dk\" \/>\n<meta property=\"og:description\" content=\"Behandlinger kan p.t. ikke bookes online, s\u00e5 kontakt mig p\u00e5 mail, telefon eller sms, s\u00e5 finder vi en tid. Hvis jeg ikke kan tage telefonen vender jeg tilbage s\u00e5 hurtigt som muligt. Adresse\u00a0 Vamdrupvej 26, 2610 R\u00f8dovre Klinikken er i k\u00e6lderen, indgang er p\u00e5 bagsiden af huset. Mobil 4141 6084 Mail heidi@kst-klinik.dk\" \/>\n<meta property=\"og:url\" content=\"https:\/\/kst-klinik.dk\/index.php\/forside-2-2-2\/\" \/>\n<meta property=\"og:site_name\" content=\"KST-klinik.dk\" \/>\n<meta property=\"article:modified_time\" content=\"2026-01-09T14:41:36+00:00\" \/>\n<meta name=\"twitter:card\" content=\"summary_large_image\" \/>\n<meta name=\"twitter:label1\" content=\"Estimeret l\u00e6setid\" \/>\n\t<meta name=\"twitter:data1\" content=\"1 minut\" \/>\n<script type=\"application\/ld+json\" class=\"yoast-schema-graph\">{\"@context\":\"https:\/\/schema.org\",\"@graph\":[{\"@type\":\"WebPage\",\"@id\":\"https:\/\/kst-klinik.dk\/index.php\/forside-2-2-2\/\",\"url\":\"https:\/\/kst-klinik.dk\/index.php\/forside-2-2-2\/\",\"name\":\"Kontakt - KST-klinik.dk\",\"isPartOf\":{\"@id\":\"https:\/\/kst-klinik.dk\/#website\"},\"datePublished\":\"2025-02-16T11:34:04+00:00\",\"dateModified\":\"2026-01-09T14:41:36+00:00\",\"breadcrumb\":{\"@id\":\"https:\/\/kst-klinik.dk\/index.php\/forside-2-2-2\/#breadcrumb\"},\"inLanguage\":\"da-DK\",\"potentialAction\":[{\"@type\":\"ReadAction\",\"target\":[\"https:\/\/kst-klinik.dk\/index.php\/forside-2-2-2\/\"]}]},{\"@type\":\"BreadcrumbList\",\"@id\":\"https:\/\/kst-klinik.dk\/index.php\/forside-2-2-2\/#breadcrumb\",\"itemListElement\":[{\"@type\":\"ListItem\",\"position\":1,\"name\":\"Hjem\",\"item\":\"https:\/\/kst-klinik.dk\/\"},{\"@type\":\"ListItem\",\"position\":2,\"name\":\"Kontakt\"}]},{\"@type\":\"WebSite\",\"@id\":\"https:\/\/kst-klinik.dk\/#website\",\"url\":\"https:\/\/kst-klinik.dk\/\",\"name\":\"KST-klinik.dk\",\"description\":\"\",\"publisher\":{\"@id\":\"https:\/\/kst-klinik.dk\/#organization\"},\"potentialAction\":[{\"@type\":\"SearchAction\",\"target\":{\"@type\":\"EntryPoint\",\"urlTemplate\":\"https:\/\/kst-klinik.dk\/?s={search_term_string}\"},\"query-input\":{\"@type\":\"PropertyValueSpecification\",\"valueRequired\":true,\"valueName\":\"search_term_string\"}}],\"inLanguage\":\"da-DK\"},{\"@type\":\"Organization\",\"@id\":\"https:\/\/kst-klinik.dk\/#organization\",\"name\":\"KST-klinik.dk\",\"url\":\"https:\/\/kst-klinik.dk\/\",\"logo\":{\"@type\":\"ImageObject\",\"inLanguage\":\"da-DK\",\"@id\":\"https:\/\/kst-klinik.dk\/#\/schema\/logo\/image\/\",\"url\":\"https:\/\/kst-klinik.dk\/wp-content\/uploads\/2025\/02\/kst-klinik-logo.png\",\"contentUrl\":\"https:\/\/kst-klinik.dk\/wp-content\/uploads\/2025\/02\/kst-klinik-logo.png\",\"width\":500,\"height\":172,\"caption\":\"KST-klinik.dk\"},\"image\":{\"@id\":\"https:\/\/kst-klinik.dk\/#\/schema\/logo\/image\/\"}}]}<\/script>\n<!-- \/ Yoast SEO plugin. -->","yoast_head_json":{"title":"Kontakt - KST-klinik.dk","robots":{"index":"index","follow":"follow","max-snippet":"max-snippet:-1","max-image-preview":"max-image-preview:large","max-video-preview":"max-video-preview:-1"},"canonical":"https:\/\/kst-klinik.dk\/index.php\/forside-2-2-2\/","og_locale":"da_DK","og_type":"article","og_title":"Kontakt - KST-klinik.dk","og_description":"Behandlinger kan p.t. ikke bookes online, s\u00e5 kontakt mig p\u00e5 mail, telefon eller sms, s\u00e5 finder vi en tid. Hvis jeg ikke kan tage telefonen vender jeg tilbage s\u00e5 hurtigt som muligt. Adresse\u00a0 Vamdrupvej 26, 2610 R\u00f8dovre Klinikken er i k\u00e6lderen, indgang er p\u00e5 bagsiden af huset. Mobil 4141 6084 Mail heidi@kst-klinik.dk","og_url":"https:\/\/kst-klinik.dk\/index.php\/forside-2-2-2\/","og_site_name":"KST-klinik.dk","article_modified_time":"2026-01-09T14:41:36+00:00","twitter_card":"summary_large_image","twitter_misc":{"Estimeret l\u00e6setid":"1 minut"},"schema":{"@context":"https:\/\/schema.org","@graph":[{"@type":"WebPage","@id":"https:\/\/kst-klinik.dk\/index.php\/forside-2-2-2\/","url":"https:\/\/kst-klinik.dk\/index.php\/forside-2-2-2\/","name":"Kontakt - KST-klinik.dk","isPartOf":{"@id":"https:\/\/kst-klinik.dk\/#website"},"datePublished":"2025-02-16T11:34:04+00:00","dateModified":"2026-01-09T14:41:36+00:00","breadcrumb":{"@id":"https:\/\/kst-klinik.dk\/index.php\/forside-2-2-2\/#breadcrumb"},"inLanguage":"da-DK","potentialAction":[{"@type":"ReadAction","target":["https:\/\/kst-klinik.dk\/index.php\/forside-2-2-2\/"]}]},{"@type":"BreadcrumbList","@id":"https:\/\/kst-klinik.dk\/index.php\/forside-2-2-2\/#breadcrumb","itemListElement":[{"@type":"ListItem","position":1,"name":"Hjem","item":"https:\/\/kst-klinik.dk\/"},{"@type":"ListItem","position":2,"name":"Kontakt"}]},{"@type":"WebSite","@id":"https:\/\/kst-klinik.dk\/#website","url":"https:\/\/kst-klinik.dk\/","name":"KST-klinik.dk","description":"","publisher":{"@id":"https:\/\/kst-klinik.dk\/#organization"},"potentialAction":[{"@type":"SearchAction","target":{"@type":"EntryPoint","urlTemplate":"https:\/\/kst-klinik.dk\/?s={search_term_string}"},"query-input":{"@type":"PropertyValueSpecification","valueRequired":true,"valueName":"search_term_string"}}],"inLanguage":"da-DK"},{"@type":"Organization","@id":"https:\/\/kst-klinik.dk\/#organization","name":"KST-klinik.dk","url":"https:\/\/kst-klinik.dk\/","logo":{"@type":"ImageObject","inLanguage":"da-DK","@id":"https:\/\/kst-klinik.dk\/#\/schema\/logo\/image\/","url":"https:\/\/kst-klinik.dk\/wp-content\/uploads\/2025\/02\/kst-klinik-logo.png","contentUrl":"https:\/\/kst-klinik.dk\/wp-content\/uploads\/2025\/02\/kst-klinik-logo.png","width":500,"height":172,"caption":"KST-klinik.dk"},"image":{"@id":"https:\/\/kst-klinik.dk\/#\/schema\/logo\/image\/"}}]}},"_links":{"self":[{"href":"https:\/\/kst-klinik.dk\/index.php\/wp-json\/wp\/v2\/pages\/103","targetHints":{"allow":["GET"]}}],"collection":[{"href":"https:\/\/kst-klinik.dk\/index.php\/wp-json\/wp\/v2\/pages"}],"about":[{"href":"https:\/\/kst-klinik.dk\/index.php\/wp-json\/wp\/v2\/types\/page"}],"author":[{"embeddable":true,"href":"https:\/\/kst-klinik.dk\/index.php\/wp-json\/wp\/v2\/users\/1"}],"replies":[{"embeddable":true,"href":"https:\/\/kst-klinik.dk\/index.php\/wp-json\/wp\/v2\/comments?post=103"}],"version-history":[{"count":6,"href":"https:\/\/kst-klinik.dk\/index.php\/wp-json\/wp\/v2\/pages\/103\/revisions"}],"predecessor-version":[{"id":123,"href":"https:\/\/kst-klinik.dk\/index.php\/wp-json\/wp\/v2\/pages\/103\/revisions\/123"}],"wp:attachment":[{"href":"https:\/\/kst-klinik.dk\/index.php\/wp-json\/wp\/v2\/media?parent=103"}],"curies":[{"name":"wp","href":"https:\/\/api.w.org\/{rel}","templated":true}]}}